{"id":366,"date":"2021-07-17T17:59:11","date_gmt":"2021-07-17T23:59:11","guid":{"rendered":"https:\/\/www.cucucho.com\/?post_type=product&#038;p=366"},"modified":"2021-07-24T17:09:19","modified_gmt":"2021-07-24T23:09:19","slug":"transmisor-inalambrico-ezra","status":"publish","type":"product","link":"https:\/\/www.cucucho.com\/?product=transmisor-inalambrico-ezra","title":{"rendered":"Transmisor Inal\u00e1mbrico EZRA"},"content":{"rendered":"<p id=\"title\" class=\"a-size-large a-spacing-none\"><span id=\"productTitle\" class=\"a-size-large product-title-word-break\">EZRA transmisor FM inal\u00e1mbrico cargador de coche adaptador con 2 puertos USB, reproductor de MP3, funci\u00f3n micro SD, responder llamadas telef\u00f3nicas f\u00e1cilmente, luces coloridas, material de aleaci\u00f3n de aluminio, carga r\u00e1pida del 35%.<\/span><\/p>\n<p class=\"a-size-base-plus a-text-bold\">Caracteristicas:<\/p>\n<ul class=\"a-unordered-list a-vertical a-spacing-mini\">\n<li><span class=\"a-list-item\">Conexi\u00f3n inal\u00e1mbrica: conecta cualquier tel\u00e9fono celular a trav\u00e9s de Bluetooth, navegaci\u00f3n Bluetooth, transmisi\u00f3n de voz, env\u00eda al sistema de audio del coche sin mirar hacia abajo en el tel\u00e9fono con frecuencia. Compatible con los diferentes tipos de mapas ASPP<\/span><\/li>\n<li><span class=\"a-list-item\">Aleaci\u00f3n de aluminio: hace que tu cargador sea m\u00e1s leniente<\/span><\/li>\n<li><span class=\"a-list-item\">Llamadas de tel\u00e9fono: responde a las llamadas de tel\u00e9fono f\u00e1cilmente mientras conduces<\/span><\/li>\n<li><span class=\"a-list-item\">2 puertos USB: carga tus dispositivos<\/span><\/li>\n<li><span class=\"a-list-item\">Con luces coloridas: especialmente se ve incre\u00edble mientras conduces nocturnos<\/span><\/li>\n<li><span class=\"a-list-item\">M\u00fasica MP3: escucha m\u00fasica mientras conduces<\/span><\/li>\n<li><span class=\"a-list-item\">Velocidad de carga del 35 %: te ayuda a cargar tu tel\u00e9fono r\u00e1pidamente m\u00e1s que otros cargadores<\/span><\/li>\n<\/ul>\n<div class=\"a-row a-expander-container a-expander-inline-container\" aria-live=\"polite\">\n<div class=\"a-expander-content a-expander-extend-content a-expander-content-expanded\" aria-expanded=\"true\">\n<ul class=\"a-unordered-list a-vertical a-spacing-none\">\n<li><span class=\"a-list-item\">Salida: 5 V 2,1 A; Entrada: 12 V-24 V<\/span><\/li>\n<li><span class=\"a-list-item\">Bot\u00f3n de rotaci\u00f3n multifuncional: corta canciones, contestar\/colgar llamadas, ajusta la frecuencia, etc.<\/span><\/li>\n<li><span class=\"a-list-item\">MicroSD y USB: utiliza tu tarjeta Micro SD (TF) o USB, escucha la m\u00fasica que tienes en tus tarjetas micro SD y USB<\/span><\/li>\n<\/ul>\n<\/div>\n<\/div>\n","protected":false},"excerpt":{"rendered":"<p>EZRA transmisor FM inal\u00e1mbrico cargador de coche adaptador con 2 puertos USB, reproductor de MP3, funci\u00f3n micro SD, responder llamadas telef\u00f3nicas f\u00e1cilmente, luces coloridas, material de aleaci\u00f3n de aluminio, carga r\u00e1pida del 35%. Caracteristicas: Conexi\u00f3n inal\u00e1mbrica: conecta cualquier tel\u00e9fono celular a trav\u00e9s de Bluetooth, navegaci\u00f3n Bluetooth, transmisi\u00f3n de voz, env\u00eda al sistema de audio del coche sin mirar hacia abajo en el tel\u00e9fono con frecuencia. Compatible con los diferentes tipos de mapas ASPP Aleaci\u00f3n de aluminio: hace que tu cargador sea m\u00e1s leniente Llamadas de tel\u00e9fono: responde a las llamadas de tel\u00e9fono f\u00e1cilmente mientras conduces 2 puertos USB: carga tus dispositivos Con luces coloridas: especialmente se ve incre\u00edble mientras conduces nocturnos M\u00fasica MP3: escucha m\u00fasica mientras conduces Velocidad de carga del 35 %: te ayuda a cargar tu tel\u00e9fono r\u00e1pidamente m\u00e1s que otros cargadores Salida: 5 V 2,1 A; Entrada: 12 V-24 V Bot\u00f3n de rotaci\u00f3n multifuncional: corta canciones, contestar\/colgar llamadas, ajusta la frecuencia, etc. MicroSD y USB: utiliza tu tarjeta Micro SD (TF) o USB, escucha la m\u00fasica que tienes en tus tarjetas micro SD y USB<\/p>\n","protected":false},"featured_media":428,"comment_status":"open","ping_status":"closed","template":"","meta":[],"product_cat":[61,108,55],"product_tag":[144,143],"class_list":{"0":"post-366","1":"product","2":"type-product","3":"status-publish","4":"has-post-thumbnail","6":"product_cat-accesorios-de-autos","7":"product_cat-cables-y-adaptadores","8":"product_cat-accesorios","9":"product_tag-adaptador-bluetooth","10":"product_tag-transmisor-fm","12":"first","13":"instock","14":"sale","15":"shipping-taxable","16":"purchasable","17":"product-type-simple"},"_links":{"self":[{"href":"https:\/\/www.cucucho.com\/index.php?rest_route=\/wp\/v2\/product\/366","targetHints":{"allow":["GET"]}}],"collection":[{"href":"https:\/\/www.cucucho.com\/index.php?rest_route=\/wp\/v2\/product"}],"about":[{"href":"https:\/\/www.cucucho.com\/index.php?rest_route=\/wp\/v2\/types\/product"}],"replies":[{"embeddable":true,"href":"https:\/\/www.cucucho.com\/index.php?rest_route=%2Fwp%2Fv2%2Fcomments&post=366"}],"wp:featuredmedia":[{"embeddable":true,"href":"https:\/\/www.cucucho.com\/index.php?rest_route=\/wp\/v2\/media\/428"}],"wp:attachment":[{"href":"https:\/\/www.cucucho.com\/index.php?rest_route=%2Fwp%2Fv2%2Fmedia&parent=366"}],"wp:term":[{"taxonomy":"product_cat","embeddable":true,"href":"https:\/\/www.cucucho.com\/index.php?rest_route=%2Fwp%2Fv2%2Fproduct_cat&post=366"},{"taxonomy":"product_tag","embeddable":true,"href":"https:\/\/www.cucucho.com\/index.php?rest_route=%2Fwp%2Fv2%2Fproduct_tag&post=366"}],"curies":[{"name":"wp","href":"https:\/\/api.w.org\/{rel}","templated":true}]}}