{"id":371,"date":"2021-07-17T18:35:28","date_gmt":"2021-07-18T00:35:28","guid":{"rendered":"https:\/\/www.cucucho.com\/?post_type=product&#038;p=371"},"modified":"2021-07-24T16:55:50","modified_gmt":"2021-07-24T22:55:50","slug":"linterna-minera-recargable-3-x-cree-xpe-led","status":"publish","type":"product","link":"https:\/\/www.cucucho.com\/?product=linterna-minera-recargable-3-x-cree-xpe-led","title":{"rendered":"Linterna Minera Recargable 3 X Cree Xpe Led"},"content":{"rendered":"<p>LINTERNA 3 LUCES LED CREE XPE<\/p>\n<p>&#8211; Contiene 3 Luces LED de alto brillo<br \/>\n&#8211; Carga mediante CABLE usb<br \/>\n&#8211; Tiene 4 modos de iluminaci\u00f3n: 1 luz (centro) , 2 luces (costados), 3 luces, y 3 luces en modo titilante<br \/>\n&#8211; C\u00f3modo dise\u00f1o ergon\u00f3mico con vincha firme<br \/>\n&#8211; Potente brillo: alumbra grandes distancias<br \/>\n&#8211; Cable USB incluidos<br \/>\n&#8211; Resistente al agua y al clima<\/p>\n<p>Ideal para actividades nocturnas, camping y realizar actividades en lugares con poca luz.<\/p>\n","protected":false},"excerpt":{"rendered":"<p>LINTERNA 3 LUCES LED CREE XPE &#8211; Contiene 3 Luces LED de alto brillo &#8211; Carga mediante CABLE usb &#8211; Tiene 4 modos de iluminaci\u00f3n: 1 luz (centro) , 2 luces (costados), 3 luces, y 3 luces en modo titilante &#8211; C\u00f3modo dise\u00f1o ergon\u00f3mico con vincha firme &#8211; Potente brillo: alumbra grandes distancias &#8211; Cable USB incluidos &#8211; Resistente al agua y al clima Ideal para actividades nocturnas, camping y realizar actividades en lugares con poca luz.<\/p>\n","protected":false},"featured_media":422,"comment_status":"open","ping_status":"closed","template":"","meta":[],"product_cat":[96],"product_tag":[138,142,139],"class_list":{"0":"post-371","1":"product","2":"type-product","3":"status-publish","4":"has-post-thumbnail","6":"product_cat-iluminacion","7":"product_tag-lampara","8":"product_tag-led","9":"product_tag-linterna","11":"first","12":"instock","13":"sale","14":"shipping-taxable","15":"purchasable","16":"product-type-simple"},"_links":{"self":[{"href":"https:\/\/www.cucucho.com\/index.php?rest_route=\/wp\/v2\/product\/371","targetHints":{"allow":["GET"]}}],"collection":[{"href":"https:\/\/www.cucucho.com\/index.php?rest_route=\/wp\/v2\/product"}],"about":[{"href":"https:\/\/www.cucucho.com\/index.php?rest_route=\/wp\/v2\/types\/product"}],"replies":[{"embeddable":true,"href":"https:\/\/www.cucucho.com\/index.php?rest_route=%2Fwp%2Fv2%2Fcomments&post=371"}],"wp:featuredmedia":[{"embeddable":true,"href":"https:\/\/www.cucucho.com\/index.php?rest_route=\/wp\/v2\/media\/422"}],"wp:attachment":[{"href":"https:\/\/www.cucucho.com\/index.php?rest_route=%2Fwp%2Fv2%2Fmedia&parent=371"}],"wp:term":[{"taxonomy":"product_cat","embeddable":true,"href":"https:\/\/www.cucucho.com\/index.php?rest_route=%2Fwp%2Fv2%2Fproduct_cat&post=371"},{"taxonomy":"product_tag","embeddable":true,"href":"https:\/\/www.cucucho.com\/index.php?rest_route=%2Fwp%2Fv2%2Fproduct_tag&post=371"}],"curies":[{"name":"wp","href":"https:\/\/api.w.org\/{rel}","templated":true}]}}