{"id":440,"date":"2021-07-24T18:16:20","date_gmt":"2021-07-25T00:16:20","guid":{"rendered":"https:\/\/www.cucucho.com\/?post_type=product&#038;p=440"},"modified":"2021-07-24T21:03:34","modified_gmt":"2021-07-25T03:03:34","slug":"cargador-de-pared-de-carga-rapida","status":"publish","type":"product","link":"https:\/\/www.cucucho.com\/?product=cargador-de-pared-de-carga-rapida","title":{"rendered":"Cargador de carga r\u00e1pida"},"content":{"rendered":"<p><span class=\"a-list-item\">Cargador de pared de carga r\u00e1pida 3.0: el cubo de carga r\u00e1pida soporta la carga r\u00e1pida para dispositivos compatibles de hasta 18 W\/3 A, carga hasta un 50 % en 30 minutos. El cargador de tel\u00e9fono r\u00e1pido USB es 4 veces m\u00e1s r\u00e1pido que los cargadores est\u00e1ndar.<\/span><\/p>\n","protected":false},"excerpt":{"rendered":"<p>Cargador de pared de carga r\u00e1pida 3.0: el cubo de carga r\u00e1pida soporta la carga r\u00e1pida para dispositivos compatibles de hasta 18 W\/3 A, carga hasta un 50 % en 30 minutos. El cargador de tel\u00e9fono r\u00e1pido USB es 4 veces m\u00e1s r\u00e1pido que los cargadores est\u00e1ndar.<\/p>\n","protected":false},"featured_media":441,"comment_status":"open","ping_status":"closed","template":"","meta":[],"product_cat":[133],"product_tag":[],"class_list":{"0":"post-440","1":"product","2":"type-product","3":"status-publish","4":"has-post-thumbnail","6":"product_cat-cargadores","8":"first","9":"instock","10":"sale","11":"shipping-taxable","12":"purchasable","13":"product-type-simple"},"_links":{"self":[{"href":"https:\/\/www.cucucho.com\/index.php?rest_route=\/wp\/v2\/product\/440","targetHints":{"allow":["GET"]}}],"collection":[{"href":"https:\/\/www.cucucho.com\/index.php?rest_route=\/wp\/v2\/product"}],"about":[{"href":"https:\/\/www.cucucho.com\/index.php?rest_route=\/wp\/v2\/types\/product"}],"replies":[{"embeddable":true,"href":"https:\/\/www.cucucho.com\/index.php?rest_route=%2Fwp%2Fv2%2Fcomments&post=440"}],"wp:featuredmedia":[{"embeddable":true,"href":"https:\/\/www.cucucho.com\/index.php?rest_route=\/wp\/v2\/media\/441"}],"wp:attachment":[{"href":"https:\/\/www.cucucho.com\/index.php?rest_route=%2Fwp%2Fv2%2Fmedia&parent=440"}],"wp:term":[{"taxonomy":"product_cat","embeddable":true,"href":"https:\/\/www.cucucho.com\/index.php?rest_route=%2Fwp%2Fv2%2Fproduct_cat&post=440"},{"taxonomy":"product_tag","embeddable":true,"href":"https:\/\/www.cucucho.com\/index.php?rest_route=%2Fwp%2Fv2%2Fproduct_tag&post=440"}],"curies":[{"name":"wp","href":"https:\/\/api.w.org\/{rel}","templated":true}]}}